{"id":3,"date":"2023-11-08T16:25:17","date_gmt":"2023-11-08T15:25:17","guid":{"rendered":"https:\/\/rev-paysage.fr\/?page_id=3"},"modified":"2024-05-28T10:27:27","modified_gmt":"2024-05-28T08:27:27","slug":"politique-de-confidentialite","status":"publish","type":"page","link":"https:\/\/rev-paysage.fr\/?page_id=3","title":{"rendered":"Mentions l\u00e9gales"},"content":{"rendered":"\t\t<div data-elementor-type=\"wp-page\" data-elementor-id=\"3\" class=\"elementor elementor-3\">\n\t\t\t\t<div class=\"elementor-element elementor-element-664810a5 e-flex e-con-boxed e-con e-parent\" data-id=\"664810a5\" data-element_type=\"container\">\n\t\t\t\t\t<div class=\"e-con-inner\">\n\t\t\t\t<div class=\"elementor-element elementor-element-6f633170 elementor-widget elementor-widget-text-editor\" data-id=\"6f633170\" data-element_type=\"widget\" data-widget_type=\"text-editor.default\">\n\t\t\t\t<div class=\"elementor-widget-container\">\n\t\t\t\t\t\t\t\t\t<h3>Mentions l\u00e9gales<\/h3>\n<p><strong>Conform\u00e9ment aux dispositions des articles 6-III et 19 de la Loi n\u00b0 2004-575 du 21 juin 2004 pour la Confiance dans l&rsquo;\u00e9conomie num\u00e9rique, dite L.C.E.N., nous portons \u00e0 la connaissance des utilisateurs et visiteurs du site <a href=\"http:\/\/www.rev-paysage.fr\/\" target=\"_new\" rel=\"noreferrer\">www.rev-paysage.fr<\/a> les informations suivantes :<\/strong><\/p>\n<h4>1. Informations l\u00e9gales<\/h4>\n<p><strong>Propri\u00e9taire du site :<\/strong><\/p>\n<ul>\n<li>Nom commercial : MONSIEUR FABIEN ROUQUETTE<\/li>\n<li>Forme juridique : Entrepreneur individuel<\/li>\n<li>Adresse : 3 RUE DE L&rsquo;OLIVERAIE, 34740 VENDARGUES<\/li>\n<li>T\u00e9l\u00e9phone : <a target=\"_new\" rel=\"noreferrer\">Afficher le num\u00e9ro<\/a><\/li>\n<\/ul>\n<p><strong>Num\u00e9ros d&rsquo;identification :<\/strong><\/p>\n<ul>\n<li>Num\u00e9ro SIREN : 909980427<\/li>\n<li>Num\u00e9ro SIRET (si\u00e8ge) : 90998042700019<\/li>\n<li>Num\u00e9ro TVA Intracommunautaire : FR65909980427<\/li>\n<\/ul>\n<h4>2. H\u00e9bergement<\/h4>\n<p><strong>H\u00e9bergeur du site :<\/strong><\/p>\n<ul>\n<li>LWS<\/li>\n<li>Adresse : 2 rue jules ferry 88190 Golbey<\/li>\n<li>T\u00e9l\u00e9phone : 01 77 62 30 03<\/li>\n<\/ul>\n<h4>3. Propri\u00e9t\u00e9 intellectuelle<\/h4>\n<p>Le site <a href=\"http:\/\/www.rev-paysage.fr\/\" target=\"_new\" rel=\"noreferrer\">www.rev-paysage.fr<\/a> est une \u0153uvre de l&rsquo;esprit prot\u00e9g\u00e9e par les lois sur la propri\u00e9t\u00e9 intellectuelle. Toute reproduction ou repr\u00e9sentation, en tout ou partie, faite sans le consentement de l&rsquo;auteur est illicite.<\/p>\n<h4>4. Responsabilit\u00e9<\/h4>\n<p>L&rsquo;\u00e9diteur ne peut \u00eatre tenu responsable des dommages directs et indirects caus\u00e9s au mat\u00e9riel de l\u2019utilisateur lors de l\u2019acc\u00e8s au site <a href=\"http:\/\/www.rev-paysage.fr\/\" target=\"_new\" rel=\"noreferrer\">www.rev-paysage.fr<\/a>, et r\u00e9sultant soit de l\u2019utilisation d\u2019un mat\u00e9riel ne r\u00e9pondant pas aux sp\u00e9cifications indiqu\u00e9es, soit de l\u2019apparition d\u2019un bug ou d\u2019une incompatibilit\u00e9.<\/p>\n<h4>5. Donn\u00e9es personnelles<\/h4>\n<p>Conform\u00e9ment \u00e0 la loi \u00ab\u00a0Informatique et Libert\u00e9s\u00a0\u00bb, vous disposez d&rsquo;un droit d&rsquo;acc\u00e8s, de rectification, et d&rsquo;opposition aux donn\u00e9es personnelles vous concernant. Pour l&rsquo;exercer, vous pouvez nous contacter via le formulaire de contact disponible sur le site.<\/p>\t\t\t\t\t\t\t\t<\/div>\n\t\t\t\t<\/div>\n\t\t\t\t\t<\/div>\n\t\t\t\t<\/div>\n\t\t\t\t<\/div>\n\t\t","protected":false},"excerpt":{"rendered":"<p>Mentions l\u00e9gales Conform\u00e9ment aux dispositions des articles 6-III et 19 de la Loi n\u00b0 2004-575 du 21 juin 2004 pour la Confiance dans l&rsquo;\u00e9conomie num\u00e9rique, dite L.C.E.N., nous portons \u00e0 la connaissance des utilisateurs et visiteurs du site www.rev-paysage.fr les informations suivantes : 1. Informations l\u00e9gales Propri\u00e9taire du site : Nom commercial : MONSIEUR FABIEN [&hellip;]<\/p>\n","protected":false},"author":1,"featured_media":0,"parent":0,"menu_order":0,"comment_status":"closed","ping_status":"open","template":"","meta":{"footnotes":""},"yoast_head":"<!-- This site is optimized with the Yoast SEO plugin v23.5 - https:\/\/yoast.com\/wordpress\/plugins\/seo\/ -->\n<title>Mentions l\u00e9gales - rev-paysage<\/title>\n<meta name=\"robots\" content=\"index, follow, max-snippet:-1, max-image-preview:large, max-video-preview:-1\" \/>\n<link rel=\"canonical\" href=\"https:\/\/rev-paysage.fr\/?page_id=3\" \/>\n<meta property=\"og:locale\" content=\"fr_FR\" \/>\n<meta property=\"og:type\" content=\"article\" \/>\n<meta property=\"og:title\" content=\"Mentions l\u00e9gales - rev-paysage\" \/>\n<meta property=\"og:description\" content=\"Mentions l\u00e9gales Conform\u00e9ment aux dispositions des articles 6-III et 19 de la Loi n\u00b0 2004-575 du 21 juin 2004 pour la Confiance dans l&rsquo;\u00e9conomie num\u00e9rique, dite L.C.E.N., nous portons \u00e0 la connaissance des utilisateurs et visiteurs du site www.rev-paysage.fr les informations suivantes : 1. Informations l\u00e9gales Propri\u00e9taire du site : Nom commercial : MONSIEUR FABIEN [&hellip;]\" \/>\n<meta property=\"og:url\" content=\"https:\/\/rev-paysage.fr\/?page_id=3\" \/>\n<meta property=\"og:site_name\" content=\"rev-paysage\" \/>\n<meta property=\"article:modified_time\" content=\"2024-05-28T08:27:27+00:00\" \/>\n<meta name=\"twitter:card\" content=\"summary_large_image\" \/>\n<meta name=\"twitter:label1\" content=\"Dur\u00e9e de lecture estim\u00e9e\" \/>\n\t<meta name=\"twitter:data1\" content=\"2 minutes\" \/>\n<script type=\"application\/ld+json\" class=\"yoast-schema-graph\">{\"@context\":\"https:\/\/schema.org\",\"@graph\":[{\"@type\":\"WebPage\",\"@id\":\"https:\/\/rev-paysage.fr\/?page_id=3\",\"url\":\"https:\/\/rev-paysage.fr\/?page_id=3\",\"name\":\"Mentions l\u00e9gales - rev-paysage\",\"isPartOf\":{\"@id\":\"https:\/\/rev-paysage.fr\/#website\"},\"datePublished\":\"2023-11-08T15:25:17+00:00\",\"dateModified\":\"2024-05-28T08:27:27+00:00\",\"breadcrumb\":{\"@id\":\"https:\/\/rev-paysage.fr\/?page_id=3#breadcrumb\"},\"inLanguage\":\"fr-FR\",\"potentialAction\":[{\"@type\":\"ReadAction\",\"target\":[\"https:\/\/rev-paysage.fr\/?page_id=3\"]}]},{\"@type\":\"BreadcrumbList\",\"@id\":\"https:\/\/rev-paysage.fr\/?page_id=3#breadcrumb\",\"itemListElement\":[{\"@type\":\"ListItem\",\"position\":1,\"name\":\"Home\",\"item\":\"https:\/\/rev-paysage.fr\/\"},{\"@type\":\"ListItem\",\"position\":2,\"name\":\"Mentions l\u00e9gales\"}]},{\"@type\":\"WebSite\",\"@id\":\"https:\/\/rev-paysage.fr\/#website\",\"url\":\"https:\/\/rev-paysage.fr\/\",\"name\":\"rev-paysage\",\"description\":\"\",\"publisher\":{\"@id\":\"https:\/\/rev-paysage.fr\/#organization\"},\"potentialAction\":[{\"@type\":\"SearchAction\",\"target\":{\"@type\":\"EntryPoint\",\"urlTemplate\":\"https:\/\/rev-paysage.fr\/?s={search_term_string}\"},\"query-input\":{\"@type\":\"PropertyValueSpecification\",\"valueRequired\":true,\"valueName\":\"search_term_string\"}}],\"inLanguage\":\"fr-FR\"},{\"@type\":\"Organization\",\"@id\":\"https:\/\/rev-paysage.fr\/#organization\",\"name\":\"rev-paysage\",\"url\":\"https:\/\/rev-paysage.fr\/\",\"logo\":{\"@type\":\"ImageObject\",\"inLanguage\":\"fr-FR\",\"@id\":\"https:\/\/rev-paysage.fr\/#\/schema\/logo\/image\/\",\"url\":\"https:\/\/rev-paysage.fr\/wp-content\/uploads\/2024\/05\/cropped-logo-rev-paysage.png\",\"contentUrl\":\"https:\/\/rev-paysage.fr\/wp-content\/uploads\/2024\/05\/cropped-logo-rev-paysage.png\",\"width\":908,\"height\":593,\"caption\":\"rev-paysage\"},\"image\":{\"@id\":\"https:\/\/rev-paysage.fr\/#\/schema\/logo\/image\/\"}}]}<\/script>\n<!-- \/ Yoast SEO plugin. -->","yoast_head_json":{"title":"Mentions l\u00e9gales - rev-paysage","robots":{"index":"index","follow":"follow","max-snippet":"max-snippet:-1","max-image-preview":"max-image-preview:large","max-video-preview":"max-video-preview:-1"},"canonical":"https:\/\/rev-paysage.fr\/?page_id=3","og_locale":"fr_FR","og_type":"article","og_title":"Mentions l\u00e9gales - rev-paysage","og_description":"Mentions l\u00e9gales Conform\u00e9ment aux dispositions des articles 6-III et 19 de la Loi n\u00b0 2004-575 du 21 juin 2004 pour la Confiance dans l&rsquo;\u00e9conomie num\u00e9rique, dite L.C.E.N., nous portons \u00e0 la connaissance des utilisateurs et visiteurs du site www.rev-paysage.fr les informations suivantes : 1. Informations l\u00e9gales Propri\u00e9taire du site : Nom commercial : MONSIEUR FABIEN [&hellip;]","og_url":"https:\/\/rev-paysage.fr\/?page_id=3","og_site_name":"rev-paysage","article_modified_time":"2024-05-28T08:27:27+00:00","twitter_card":"summary_large_image","twitter_misc":{"Dur\u00e9e de lecture estim\u00e9e":"2 minutes"},"schema":{"@context":"https:\/\/schema.org","@graph":[{"@type":"WebPage","@id":"https:\/\/rev-paysage.fr\/?page_id=3","url":"https:\/\/rev-paysage.fr\/?page_id=3","name":"Mentions l\u00e9gales - rev-paysage","isPartOf":{"@id":"https:\/\/rev-paysage.fr\/#website"},"datePublished":"2023-11-08T15:25:17+00:00","dateModified":"2024-05-28T08:27:27+00:00","breadcrumb":{"@id":"https:\/\/rev-paysage.fr\/?page_id=3#breadcrumb"},"inLanguage":"fr-FR","potentialAction":[{"@type":"ReadAction","target":["https:\/\/rev-paysage.fr\/?page_id=3"]}]},{"@type":"BreadcrumbList","@id":"https:\/\/rev-paysage.fr\/?page_id=3#breadcrumb","itemListElement":[{"@type":"ListItem","position":1,"name":"Home","item":"https:\/\/rev-paysage.fr\/"},{"@type":"ListItem","position":2,"name":"Mentions l\u00e9gales"}]},{"@type":"WebSite","@id":"https:\/\/rev-paysage.fr\/#website","url":"https:\/\/rev-paysage.fr\/","name":"rev-paysage","description":"","publisher":{"@id":"https:\/\/rev-paysage.fr\/#organization"},"potentialAction":[{"@type":"SearchAction","target":{"@type":"EntryPoint","urlTemplate":"https:\/\/rev-paysage.fr\/?s={search_term_string}"},"query-input":{"@type":"PropertyValueSpecification","valueRequired":true,"valueName":"search_term_string"}}],"inLanguage":"fr-FR"},{"@type":"Organization","@id":"https:\/\/rev-paysage.fr\/#organization","name":"rev-paysage","url":"https:\/\/rev-paysage.fr\/","logo":{"@type":"ImageObject","inLanguage":"fr-FR","@id":"https:\/\/rev-paysage.fr\/#\/schema\/logo\/image\/","url":"https:\/\/rev-paysage.fr\/wp-content\/uploads\/2024\/05\/cropped-logo-rev-paysage.png","contentUrl":"https:\/\/rev-paysage.fr\/wp-content\/uploads\/2024\/05\/cropped-logo-rev-paysage.png","width":908,"height":593,"caption":"rev-paysage"},"image":{"@id":"https:\/\/rev-paysage.fr\/#\/schema\/logo\/image\/"}}]}},"_links":{"self":[{"href":"https:\/\/rev-paysage.fr\/index.php?rest_route=\/wp\/v2\/pages\/3"}],"collection":[{"href":"https:\/\/rev-paysage.fr\/index.php?rest_route=\/wp\/v2\/pages"}],"about":[{"href":"https:\/\/rev-paysage.fr\/index.php?rest_route=\/wp\/v2\/types\/page"}],"author":[{"embeddable":true,"href":"https:\/\/rev-paysage.fr\/index.php?rest_route=\/wp\/v2\/users\/1"}],"replies":[{"embeddable":true,"href":"https:\/\/rev-paysage.fr\/index.php?rest_route=%2Fwp%2Fv2%2Fcomments&post=3"}],"version-history":[{"count":6,"href":"https:\/\/rev-paysage.fr\/index.php?rest_route=\/wp\/v2\/pages\/3\/revisions"}],"predecessor-version":[{"id":179,"href":"https:\/\/rev-paysage.fr\/index.php?rest_route=\/wp\/v2\/pages\/3\/revisions\/179"}],"wp:attachment":[{"href":"https:\/\/rev-paysage.fr\/index.php?rest_route=%2Fwp%2Fv2%2Fmedia&parent=3"}],"curies":[{"name":"wp","href":"https:\/\/api.w.org\/{rel}","templated":true}]}}